{"id":47,"date":"2021-12-27T19:08:13","date_gmt":"2021-12-27T18:08:13","guid":{"rendered":"https:\/\/malen.hemmedesign.de\/?page_id=47"},"modified":"2022-12-16T14:38:28","modified_gmt":"2022-12-16T13:38:28","slug":"colibri-wp","status":"publish","type":"page","link":"https:\/\/malen-im-park.de\/","title":{"rendered":"W\u00e4hle das, was dich lebendig macht"},"content":{"rendered":"\n<p>Verweilen Sie und sp\u00fcren Sie nach, horchen in sich hinein. Malen ist unser Medium, um vom Au\u00dfen ins Innen zu kommen.<\/p>\n\n\n\n<p>An den sch\u00f6nen, ruhigen Pl\u00e4tzen des Park malen Sie mit kraftvollen oder zarten Farben, in Acryl oder Aquarell, mit Buntstiften oder Kreiden. Ganz nach Ihrer pers\u00f6nlicher Stimmung suchen Sie sich Material f\u00fcr ein freies Malen in gro\u00dfen oder kleinen Formaten aus. Malen ist unser Medium, um vom Au\u00dfen ins Innen zu kommen, es gibt kein richtig oder falsch.<\/p>\n\n\n\n<p>Lassen Sie sich ansprechen von der Vielfalt der Natur. Lassen Sie sich inspirieren von dem Duft der Bl\u00fcten und der Sch\u00f6nheit Ihrer Umgebung. Ihre Achtsamkeit m\u00f6chte ich dabei auf Ihr Gestimmtsein lenken, was spricht Sie heute an? Die zarten und von den kr\u00e4ftigen Pflanzen, die Versteckten und die prominenten?<\/p>\n\n\n\n<p>Was passt heute zu Ihnen? Was spricht Sie heute an?<\/p>\n\n\n\n<p>Schreiben Sie mir falls Sie Fragen haben: ulrike.hemme(at)t-online.de<\/p>\n","protected":false},"excerpt":{"rendered":"<p>Verweilen Sie und sp\u00fcren Sie nach, horchen in sich hinein. Malen ist unser Medium, um vom Au\u00dfen ins Innen zu kommen. An den sch\u00f6nen, ruhigen Pl\u00e4tzen des Park malen Sie mit kraftvollen oder zarten Farben, in Acryl oder Aquarell, mit Buntstiften oder Kreiden. Ganz nach Ihrer pers\u00f6nlicher Stimmung suchen Sie sich Material f\u00fcr ein freies &hellip; <\/p>\n<p class=\"link-more\"><a href=\"https:\/\/malen-im-park.de\/\" class=\"more-link\"><span class=\"screen-reader-text\">\u201eW\u00e4hle das, was dich lebendig macht\u201c<\/span> weiterlesen<\/a><\/p>\n","protected":false},"author":1,"featured_media":39,"parent":0,"menu_order":0,"comment_status":"closed","ping_status":"closed","template":"page-templates\/homepage.php","meta":{"footnotes":""},"class_list":["post-47","page","type-page","status-publish","has-post-thumbnail","hentry"],"_links":{"self":[{"href":"https:\/\/malen-im-park.de\/index.php?rest_route=\/wp\/v2\/pages\/47","targetHints":{"allow":["GET"]}}],"collection":[{"href":"https:\/\/malen-im-park.de\/index.php?rest_route=\/wp\/v2\/pages"}],"about":[{"href":"https:\/\/malen-im-park.de\/index.php?rest_route=\/wp\/v2\/types\/page"}],"author":[{"embeddable":true,"href":"https:\/\/malen-im-park.de\/index.php?rest_route=\/wp\/v2\/users\/1"}],"replies":[{"embeddable":true,"href":"https:\/\/malen-im-park.de\/index.php?rest_route=%2Fwp%2Fv2%2Fcomments&post=47"}],"version-history":[{"count":9,"href":"https:\/\/malen-im-park.de\/index.php?rest_route=\/wp\/v2\/pages\/47\/revisions"}],"predecessor-version":[{"id":188,"href":"https:\/\/malen-im-park.de\/index.php?rest_route=\/wp\/v2\/pages\/47\/revisions\/188"}],"wp:featuredmedia":[{"embeddable":true,"href":"https:\/\/malen-im-park.de\/index.php?rest_route=\/wp\/v2\/media\/39"}],"wp:attachment":[{"href":"https:\/\/malen-im-park.de\/index.php?rest_route=%2Fwp%2Fv2%2Fmedia&parent=47"}],"curies":[{"name":"wp","href":"https:\/\/api.w.org\/{rel}","templated":true}]}}